{"id":56307,"date":"2025-07-29T21:01:05","date_gmt":"2025-07-29T19:01:05","guid":{"rendered":"https:\/\/diamondspa.sk\/?post_type=product&#038;p=56307"},"modified":"2025-08-29T09:47:16","modified_gmt":"2025-08-29T07:47:16","slug":"vonkajsia-virivka-beach-pure-210-x-155-x-83-cm","status":"publish","type":"product","link":"https:\/\/diamondspa.sk\/sk\/produkt\/vonkajsia-virivka-beach-pure-210-x-155-x-83-cm\/","title":{"rendered":"Vonkaj\u0161ia v\u00edrivka BEACH PURE &#8211; 210 x 155 x 83 cm"},"content":{"rendered":"\n<p>Na\u0161a unik\u00e1tna vonkaj\u0161ia v\u00edrivka premen\u00ed va\u0161u z\u00e1hradu a slne\u010dn\u00fa terasu na <strong>\u0161t\u00fdlov\u00e9 wellness centrum<\/strong> s skuto\u010dnou dovolenkovou atmosf\u00e9rou.<\/p>\n\n\n\n<p>Doprajte si luxus neuverite\u013en\u00fdch <strong>51 trysiek,<\/strong> ktor\u00e9 osvie\u017eia va\u0161e telo i du\u0161u a poskytn\u00fa optim\u00e1lny mas\u00e1\u017eny z\u00e1\u017eitok. Intenzitu a smer ka\u017edej trysky je mo\u017en\u00e9 individu\u00e1lne nastavi\u0165 jednoduch\u00fdm oto\u010den\u00edm gomb\u00edka. Vonkaj\u0161\u00ed baz\u00e9n je vizu\u00e1lne p\u00fatav\u00fd, najm\u00e4 v\u010faka svojmu tmavosiv\u00e9mu vonkaj\u0161iemu oblo\u017eeniu z odoln\u00e9ho WPC (pr\u00edrodn\u00fd plast vystu\u017een\u00fd vl\u00e1knami). V\u00fdhody tohto materi\u00e1lu: Je odoln\u00fd, teplotne a tvarovo st\u00e1ly, vodeodoln\u00fd, oh\u0148ovzdorn\u00fd, hygienick\u00fd a \u013eahko sa \u010dist\u00ed. Navy\u0161e nevybledne, \u010do je pri z\u00e1hradn\u00fdch prvkoch v\u0161eobecne probl\u00e9m. R\u00f4zne text\u00fary panelov dod\u00e1vaj\u00fa nie\u010do navy\u0161e.<\/p>\n\n\n\n<p>V\u010faka svojej kompaktnej ve\u013ekosti sa baz\u00e9n hod\u00ed takmer do ka\u017edej z\u00e1hrady. T\u00fato vizu\u00e1lne a technicky sofistikovan\u00fa v\u00edrivku je mo\u017en\u00e9 umiestni\u0165 aj na terasy alebo do zimn\u00fdch z\u00e1hrad. 24 sveteln\u00fdch zdrojov funguje podobne ako farebn\u00e1 sveteln\u00e1 terapia a je mo\u017en\u00e9 ich pod\u013ea potreby zap\u00edna\u0165 alebo vyp\u00edna\u0165. Okrem \u0161tandardn\u00e9ho podvodn\u00e9ho osvetlenia s\u00fa pozd\u013a\u017e okraja \u010fal\u0161ie LED di\u00f3dy. M\u00f4\u017eete relaxova\u0165 nielen v sede, ale aj v \u013eahu. Dve \u010dierne opierky hlavy zais\u0165uj\u00fa pohodln\u00fa polohu hlavy. Vstavan\u00fd displej na okraji v\u00edrivky v\u00e1m umo\u017e\u0148uje ovl\u00e1da\u0165 r\u00f4zne funkcie. Tu m\u00f4\u017eete nielen nastavi\u0165 teplotu, ale aj ovl\u00e1da\u0165 mas\u00e1\u017ene trysky a svetlo. Obehov\u00e9 \u010derpadlo je mo\u017en\u00e9 manu\u00e1lne nastavi\u0165 na dve r\u00f4zne r\u00fdchlosti. Dod\u00e1vame v\u00e1m tie\u017e zodpovedaj\u00facu sadu filtrov.<\/p>\n\n\n\n<p>Ke\u010f\u017ee baz\u00e9n je dod\u00e1van\u00fd so v\u0161etk\u00fdmi potrebn\u00fdmi dielmi, m\u00f4\u017eete ho pou\u017e\u00edva\u0165 ihne\u010f po pripojen\u00ed k elektrickej sieti. Ak v\u00edrivku dlh\u0161\u00ed \u010das nepou\u017e\u00edvate, m\u00f4\u017eete vodu jednoducho vypusti\u0165 cez odtok. N\u00e1sledne sa odpor\u00fa\u010da \u010distenie integrovanou funkciou oz\u00f3nov\u00e9ho \u010distenia, aby ste si mohli baz\u00e9n u\u017e\u00edva\u0165 dlh\u0161iu dobu. Vstavan\u00e1 sie\u0165ka proti hmyzu zabezpe\u010d\u00ed, \u017ee sa v interi\u00e9ri, na \u010derpadle ani na ohrieva\u010di nezhroma\u017e\u010fuje \u017eiadny otravn\u00fd hmyz.<\/p>\n\n\n\n<p><strong>UPOZORNENIE<\/strong><\/p>\n\n\n\n<p>Pred in\u0161tal\u00e1ciou baz\u00e9na sa uistite, \u017ee m\u00e1te vhodn\u00fd povrch. Podklad by mal by\u0165 rovn\u00fd a \u010do najpevnej\u0161\u00ed. Ak si nie ste ist\u00ed, vyh\u013eadajte odborn\u00fa pomoc. Nepreber\u00e1me \u017eiadnu zodpovednos\u0165 za \u0161kody sp\u00f4soben\u00e9 hmotnos\u0165ou.<\/p>\n\n\n\n<p>Zimn\u00e9 vlastnosti: Odpor\u00fa\u010dame nepou\u017e\u00edva\u0165 baz\u00e9n pri teplote pod 5 \u00b0C. Pri teplot\u00e1ch bl\u00edzkych bodu mrazu je nevyhnutn\u00e9 d\u00f4kladn\u00e9 vypustenie vody, aby sa zabr\u00e1nilo zamrznutiu vody v najni\u017e\u0161ie polo\u017een\u00fdch potrubiach a ich po\u0161kodeniu.<\/p>\n\n\n\n<p>Baz\u00e9n nevy\u017eaduje pripojenie na vysok\u00e9 nap\u00e4tie, ale pripojovac\u00ed k\u00e1bel mus\u00ed by\u0165 veden\u00fd samostatne a chr\u00e1nen\u00fd samostatne v elektrickej sieti domu. Vzh\u013eadom na jeho v\u00fdkon mus\u00ed by\u0165 prierez k\u00e1bla aspo\u0148 3 x 6 mm\u00b2.<\/p>\n\n\n\n<figure class=\"wp-block-video\"><video height=\"1080\" style=\"aspect-ratio: 1920 \/ 1080;\" width=\"1920\" controls src=\"https:\/\/diamondspa.sk\/wp-content\/uploads\/2025\/07\/8086_home_deluxe_outdoorwhirlpool_BEACH_video_01.mp4\"><\/video><\/figure>\n\n\n\n<ul class=\"wp-block-list\">\n<li>24 sveteln\u00fdch zdrojov<\/li>\n\n\n\n<li>V\u0161etky mas\u00e1\u017ene trysky s\u00fa nastavite\u013en\u00e9 z h\u013eadiska intenzity a smeru<\/li>\n\n\n\n<li>Vr\u00e1tane oz\u00f3nov\u00e9ho \u010distiaceho syst\u00e9mu<\/li>\n\n\n\n<li>2 \u010dierne opierky hlavy<\/li>\n\n\n\n<li>Vr\u00e1tane sie\u0165ky proti hmyzu<\/li>\n\n\n\n<li>Jednoduch\u00e1 in\u0161tal\u00e1cia<\/li>\n<\/ul>\n\n\n\n<p><strong>Technick\u00e9 \u0161pecifik\u00e1cie<\/strong><br>Rozmery (D x \u0160 x V): 210 x 155 x 83 cm<br>Materi\u00e1l po\u0165ahu: WPC (plast vystu\u017een\u00fd pr\u00edrodn\u00fdmi vl\u00e1knami)<br>Akryl: PMMA (polymetylmetakryl\u00e1t)<br>Farba vane: Biela<br>Farba po\u0165ahu: \u010cierna<br>Trieda energetickej \u00fa\u010dinnosti: B<br>Celkov\u00fd v\u00fdkon bez filtra: 5300 W (25,3 A)<br>Nap\u00e4tie: 220-240 V 50\/60 Hz<br>Vykurovac\u00ed v\u00fdkon: 3000 W<br>2-stup\u0148ov\u00e9 kombinovan\u00e9 \u010derpadlo:<br>Funkcia obehu: 450 W<br>Funkcia v\u00edrivky: 2200 W<br>Hladina hluku: 75 dB<br>V\u00fd\u0161ka plnenia: cca 64 cm (po vstup vodop\u00e1du)<br>Objem plnenia: 900 l<br>51 mas\u00e1\u017enych trysiek:<br>9 x 12 cm trysiek<br>28 x 8 cm trysiek<br>14 x 5 cm trysiek<br>Hmotnos\u0165: 270 kg<\/p>\n","protected":false},"excerpt":{"rendered":"<p>Na\u0161a unik\u00e1tna vonkaj\u0161ia v\u00edrivka premen\u00ed va\u0161u z\u00e1hradu a slne\u010dn\u00fa terasu na \u0161t\u00fdlov\u00e9 wellness centrum s skuto\u010dnou dovolenkovou atmosf\u00e9rou. Doprajte si luxus neuverite\u013en\u00fdch 51 trysiek, ktor\u00e9 osvie\u017eia va\u0161e telo i du\u0161u a poskytn\u00fa optim\u00e1lny mas\u00e1\u017eny z\u00e1\u017eitok. Intenzitu a smer ka\u017edej trysky je mo\u017en\u00e9 individu\u00e1lne nastavi\u0165 jednoduch\u00fdm oto\u010den\u00edm gomb\u00edka. Vonkaj\u0161\u00ed baz\u00e9n je vizu\u00e1lne p\u00fatav\u00fd, najm\u00e4 v\u010faka svojmu [&hellip;]<\/p>\n","protected":false},"featured_media":56308,"comment_status":"closed","ping_status":"closed","template":"","meta":[],"product_brand":[2589],"product_cat":[415],"product_tag":[],"class_list":{"0":"post-56307","1":"product","2":"type-product","3":"status-publish","4":"has-post-thumbnail","6":"product_brand-home-deluxe","7":"product_cat-zahradne-virivky-jacuzzi","8":"pa_hmotnost-270-kg","9":"pa_objem-900-l","10":"pa_pocet-trysiek-2836","11":"pa_sirka-155-cm","12":"pa_vyrobca-home-deluxe","13":"pa_vyska-83-cm","15":"first","16":"outofstock","17":"taxable","18":"shipping-taxable","19":"purchasable","20":"product-type-simple"},"_links":{"self":[{"href":"https:\/\/diamondspa.sk\/sk\/wp-json\/wp\/v2\/product\/56307","targetHints":{"allow":["GET"]}}],"collection":[{"href":"https:\/\/diamondspa.sk\/sk\/wp-json\/wp\/v2\/product"}],"about":[{"href":"https:\/\/diamondspa.sk\/sk\/wp-json\/wp\/v2\/types\/product"}],"replies":[{"embeddable":true,"href":"https:\/\/diamondspa.sk\/sk\/wp-json\/wp\/v2\/comments?post=56307"}],"wp:featuredmedia":[{"embeddable":true,"href":"https:\/\/diamondspa.sk\/sk\/wp-json\/wp\/v2\/media\/56308"}],"wp:attachment":[{"href":"https:\/\/diamondspa.sk\/sk\/wp-json\/wp\/v2\/media?parent=56307"}],"wp:term":[{"taxonomy":"product_brand","embeddable":true,"href":"https:\/\/diamondspa.sk\/sk\/wp-json\/wp\/v2\/product_brand?post=56307"},{"taxonomy":"product_cat","embeddable":true,"href":"https:\/\/diamondspa.sk\/sk\/wp-json\/wp\/v2\/product_cat?post=56307"},{"taxonomy":"product_tag","embeddable":true,"href":"https:\/\/diamondspa.sk\/sk\/wp-json\/wp\/v2\/product_tag?post=56307"}],"curies":[{"name":"wp","href":"https:\/\/api.w.org\/{rel}","templated":true}]}}