{"id":56894,"date":"2025-08-01T16:56:34","date_gmt":"2025-08-01T14:56:34","guid":{"rendered":"https:\/\/diamondspa.sk\/?post_type=product&#038;p=56894"},"modified":"2025-08-26T21:58:51","modified_gmt":"2025-08-26T19:58:51","slug":"sanotechnik-tc05-kompletny-hydromasazny-sprchovy-box-80-x-80-x-215-cm","status":"publish","type":"product","link":"https:\/\/diamondspa.sk\/sk\/produkt\/sanotechnik-tc05-kompletny-hydromasazny-sprchovy-box-80-x-80-x-215-cm\/","title":{"rendered":"Sanotechnik &#8211; TC05 &#8211; kompletn\u00fd hydromas\u00e1\u017eny sprchov\u00fd box 80 x 80 x 215 cm"},"content":{"rendered":"\n<p><strong>Kompletn\u00e1 sprchov\u00e1 kab\u00edna&nbsp; TC05<\/strong>&nbsp;&nbsp;<strong>80&#215;80<\/strong><\/p>\n\n\n\n<p><strong>Rozmery:&nbsp;<\/strong>80 x 80 x 215cm<\/p>\n\n\n\n<ul class=\"wp-block-list\">\n<li>Posuvn\u00e9 dvere z 5 mm bezpe\u010dnostn\u00e9ho skla<\/li>\n\n\n\n<li>dvojit\u00e9 val\u010deky<\/li>\n\n\n\n<li>Hlin\u00edkov\u00fd profil v chr\u00f3movom vzh\u013eade<\/li>\n\n\n\n<li>sprchov\u00e1 hlavica<\/li>\n\n\n\n<li>Ru\u010dn\u00e1 sprcha nastavite\u013en\u00e1<\/li>\n\n\n\n<li>3 mas\u00e1\u017ene trysky<\/li>\n\n\n\n<li>sklenen\u00e1 polica<\/li>\n\n\n\n<li>Sprchov\u00e1 vani\u010dka vysok\u00e1 14 cm<\/li>\n<\/ul>\n\n\n\n<p><strong>Materi\u00e1l:<\/strong><\/p>\n\n\n\n<ul class=\"wp-block-list\">\n<li>Hlin\u00edk &#8211; chr\u00f3m<\/li>\n\n\n\n<li>bezpe\u010dnostn\u00e9 sklo<\/li>\n\n\n\n<li>ABS akrylov\u00fd sprchov\u00fd poh\u00e1r<\/li>\n<\/ul>\n\n\n\n<p><strong>Inform\u00e1cie:<\/strong><\/p>\n\n\n\n<ul class=\"wp-block-list\">\n<li>Pozost\u00e1va zo 4 krab\u00edc<\/li>\n\n\n\n<li>Hmotnos\u0165: 83 kg<\/li>\n<\/ul>\n\n\n\n<p><\/p>\n","protected":false},"excerpt":{"rendered":"<p>Kompletn\u00e1 sprchov\u00e1 kab\u00edna&nbsp; TC05&nbsp;&nbsp;80&#215;80 Rozmery:&nbsp;80 x 80 x 215cm Materi\u00e1l: Inform\u00e1cie:<\/p>\n","protected":false},"featured_media":56898,"comment_status":"closed","ping_status":"closed","template":"","meta":[],"product_brand":[2703],"product_cat":[111],"product_tag":[],"class_list":{"0":"post-56894","1":"product","2":"type-product","3":"status-publish","4":"has-post-thumbnail","6":"product_brand-sanotechnik","7":"product_cat-masazne-sprchove-boxy","8":"pa_hmotnost-83-kg","9":"pa_sirka-80-cm","10":"pa_vyrobca-sanotechnik-rakusko","11":"pa_vyska-215-cm","13":"first","14":"instock","15":"taxable","16":"shipping-taxable","17":"purchasable","18":"product-type-simple"},"_links":{"self":[{"href":"https:\/\/diamondspa.sk\/sk\/wp-json\/wp\/v2\/product\/56894","targetHints":{"allow":["GET"]}}],"collection":[{"href":"https:\/\/diamondspa.sk\/sk\/wp-json\/wp\/v2\/product"}],"about":[{"href":"https:\/\/diamondspa.sk\/sk\/wp-json\/wp\/v2\/types\/product"}],"replies":[{"embeddable":true,"href":"https:\/\/diamondspa.sk\/sk\/wp-json\/wp\/v2\/comments?post=56894"}],"wp:featuredmedia":[{"embeddable":true,"href":"https:\/\/diamondspa.sk\/sk\/wp-json\/wp\/v2\/media\/56898"}],"wp:attachment":[{"href":"https:\/\/diamondspa.sk\/sk\/wp-json\/wp\/v2\/media?parent=56894"}],"wp:term":[{"taxonomy":"product_brand","embeddable":true,"href":"https:\/\/diamondspa.sk\/sk\/wp-json\/wp\/v2\/product_brand?post=56894"},{"taxonomy":"product_cat","embeddable":true,"href":"https:\/\/diamondspa.sk\/sk\/wp-json\/wp\/v2\/product_cat?post=56894"},{"taxonomy":"product_tag","embeddable":true,"href":"https:\/\/diamondspa.sk\/sk\/wp-json\/wp\/v2\/product_tag?post=56894"}],"curies":[{"name":"wp","href":"https:\/\/api.w.org\/{rel}","templated":true}]}}