{"id":56912,"date":"2025-08-01T17:18:34","date_gmt":"2025-08-01T15:18:34","guid":{"rendered":"https:\/\/diamondspa.sk\/?post_type=product&#038;p=56912"},"modified":"2025-08-26T21:58:19","modified_gmt":"2025-08-26T19:58:19","slug":"sanotechnik-pc50-kompletna-sprchova-kabina-90-x-90-x-210-cm","status":"publish","type":"product","link":"https:\/\/diamondspa.sk\/sk\/produkt\/sanotechnik-pc50-kompletna-sprchova-kabina-90-x-90-x-210-cm\/","title":{"rendered":"Sanotechnik &#8211; PC50 &#8211; Kompletn\u00e1 sprchov\u00e1 kab\u00edna 90 x 90 x 210 cm"},"content":{"rendered":"\n<p><strong>Kompletn\u00e1 sprchov\u00e1 kab\u00edna 90 x 90<\/strong><\/p>\n\n\n\n<ul class=\"wp-block-list\">\n<li>5 mm bezpe\u010dnostn\u00e9 sklenen\u00e9 dvere \/ pevn\u00e1 sklenen\u00e1 \u010das\u0165, t\u00f3novan\u00e9<\/li>\n\n\n\n<li>Zadn\u00e1 stena 4 mm vzadu \u010dierna<\/li>\n\n\n\n<li>6 mas\u00e1\u017enych trysiek<\/li>\n\n\n\n<li>Pohodln\u00fd sprchov\u00fd poh\u00e1r na sedadlo<\/li>\n\n\n\n<li>Hlin\u00edkov\u00e9 profily v chr\u00f3movom vzh\u013eade<\/li>\n\n\n\n<li>Dvojit\u00e9 roly<\/li>\n\n\n\n<li>Horn\u00e1 sprcha<\/li>\n\n\n\n<li>Ru\u010dn\u00e1 sprcha<\/li>\n\n\n\n<li>Sklenen\u00e1 polica<\/li>\n\n\n\n<li>P\u00e1kov\u00e1 bat\u00e9ria s prep\u00edna\u010dom<\/li>\n\n\n\n<li>Dotykov\u00fd panel<\/li>\n\n\n\n<li>Sprchovac\u00ed poh\u00e1r: 35 cm<\/li>\n<\/ul>\n\n\n\n<p><strong>Materi\u00e1l<\/strong><\/p>\n\n\n\n<ul class=\"wp-block-list\">\n<li>Hlin\u00edk &#8211; chr\u00f3m<\/li>\n\n\n\n<li>Bezpe\u010dnostn\u00e9 sklo<\/li>\n\n\n\n<li>ABS akryl\u00e1tov\u00e1 sprchov\u00e1 vani\u010dka<\/li>\n<\/ul>\n\n\n\n<p><strong>V\u0161eobecn\u00e9 inform\u00e1cie<\/strong><\/p>\n\n\n\n<ul class=\"wp-block-list\">\n<li>Rozmery v cm (Dx\u0160xV): 90 x 90 x 210cm<\/li>\n\n\n\n<li>Sklad\u00e1 sa z 3 \u0161kat\u00fa\u013e<\/li>\n\n\n\n<li>V\u00e1ha: 72kg<\/li>\n<\/ul>\n","protected":false},"excerpt":{"rendered":"<p>Kompletn\u00e1 sprchov\u00e1 kab\u00edna 90 x 90 Materi\u00e1l V\u0161eobecn\u00e9 inform\u00e1cie<\/p>\n","protected":false},"featured_media":56913,"comment_status":"closed","ping_status":"closed","template":"","meta":[],"product_brand":[2703],"product_cat":[111],"product_tag":[],"class_list":{"0":"post-56912","1":"product","2":"type-product","3":"status-publish","4":"has-post-thumbnail","6":"product_brand-sanotechnik","7":"product_cat-masazne-sprchove-boxy","8":"pa_sirka-90-cm","9":"pa_vyrobca-sanotechnik-rakusko","10":"pa_vyska-210-cm","12":"first","13":"instock","14":"taxable","15":"shipping-taxable","16":"purchasable","17":"product-type-simple"},"_links":{"self":[{"href":"https:\/\/diamondspa.sk\/sk\/wp-json\/wp\/v2\/product\/56912","targetHints":{"allow":["GET"]}}],"collection":[{"href":"https:\/\/diamondspa.sk\/sk\/wp-json\/wp\/v2\/product"}],"about":[{"href":"https:\/\/diamondspa.sk\/sk\/wp-json\/wp\/v2\/types\/product"}],"replies":[{"embeddable":true,"href":"https:\/\/diamondspa.sk\/sk\/wp-json\/wp\/v2\/comments?post=56912"}],"wp:featuredmedia":[{"embeddable":true,"href":"https:\/\/diamondspa.sk\/sk\/wp-json\/wp\/v2\/media\/56913"}],"wp:attachment":[{"href":"https:\/\/diamondspa.sk\/sk\/wp-json\/wp\/v2\/media?parent=56912"}],"wp:term":[{"taxonomy":"product_brand","embeddable":true,"href":"https:\/\/diamondspa.sk\/sk\/wp-json\/wp\/v2\/product_brand?post=56912"},{"taxonomy":"product_cat","embeddable":true,"href":"https:\/\/diamondspa.sk\/sk\/wp-json\/wp\/v2\/product_cat?post=56912"},{"taxonomy":"product_tag","embeddable":true,"href":"https:\/\/diamondspa.sk\/sk\/wp-json\/wp\/v2\/product_tag?post=56912"}],"curies":[{"name":"wp","href":"https:\/\/api.w.org\/{rel}","templated":true}]}}