{"id":56929,"date":"2025-08-01T17:32:52","date_gmt":"2025-08-01T15:32:52","guid":{"rendered":"https:\/\/diamondspa.sk\/?post_type=product&#038;p=56929"},"modified":"2025-08-26T21:58:25","modified_gmt":"2025-08-26T19:58:25","slug":"sanotechnik-stil-black-sprchovy-box-stvorec-bez-strechy","status":"publish","type":"product","link":"https:\/\/diamondspa.sk\/sk\/produkt\/sanotechnik-stil-black-sprchovy-box-stvorec-bez-strechy\/","title":{"rendered":"Sanotechnik STIL black sprchov\u00fd box \u0161tvorec bez strechy"},"content":{"rendered":"\n<p><strong>Rozmer:&nbsp;<\/strong>90 x 90 x 225 cm<\/p>\n\n\n\n<ul class=\"wp-block-list\">\n<li>4mm \u010d\u00edre sklo, posuvn\u00e9 dvere<\/li>\n\n\n\n<li>\u010cierne hlin\u00edkov\u00e9 profily<\/li>\n\n\n\n<li>\u010cierne PVC funk\u010dn\u00e9 pole<\/li>\n\n\n\n<li>Or\u00e1movan\u00e9 zadn\u00e9 panely<\/li>\n\n\n\n<li>Biele pozadie<\/li>\n\n\n\n<li>Ru\u010dn\u00e1 sprcha 20 cm vysok\u00e1, ru\u010dn\u00e1 sprcha ABS chr\u00f3movan\u00e1<\/li>\n\n\n\n<li>Priemer z\u00e1tky 90 mm<\/li>\n\n\n\n<li>4 mas\u00e1\u017ene trysky<\/li>\n\n\n\n<li>Nerezov\u00e1 ty\u010d v\u00fd\u0161ka 64 cm<\/li>\n\n\n\n<li>Kovov\u00e1 hadica 1,50 m<\/li>\n\n\n\n<li>ABS chr\u00f3mov\u00e1 rukov\u00e4\u0165<\/li>\n\n\n\n<li>So sklenenou policou<\/li>\n<\/ul>\n","protected":false},"excerpt":{"rendered":"<p>Rozmer:&nbsp;90 x 90 x 225 cm<\/p>\n","protected":false},"featured_media":57075,"comment_status":"closed","ping_status":"closed","template":"","meta":[],"product_brand":[2703],"product_cat":[111],"product_tag":[],"class_list":{"0":"post-56929","1":"product","2":"type-product","3":"status-publish","4":"has-post-thumbnail","6":"product_brand-sanotechnik","7":"product_cat-masazne-sprchove-boxy","8":"pa_sirka-90-cm","9":"pa_vyrobca-sanotechnik-rakusko","10":"pa_vyska-225-cm","12":"first","13":"instock","14":"taxable","15":"shipping-taxable","16":"purchasable","17":"product-type-simple"},"_links":{"self":[{"href":"https:\/\/diamondspa.sk\/sk\/wp-json\/wp\/v2\/product\/56929","targetHints":{"allow":["GET"]}}],"collection":[{"href":"https:\/\/diamondspa.sk\/sk\/wp-json\/wp\/v2\/product"}],"about":[{"href":"https:\/\/diamondspa.sk\/sk\/wp-json\/wp\/v2\/types\/product"}],"replies":[{"embeddable":true,"href":"https:\/\/diamondspa.sk\/sk\/wp-json\/wp\/v2\/comments?post=56929"}],"wp:featuredmedia":[{"embeddable":true,"href":"https:\/\/diamondspa.sk\/sk\/wp-json\/wp\/v2\/media\/57075"}],"wp:attachment":[{"href":"https:\/\/diamondspa.sk\/sk\/wp-json\/wp\/v2\/media?parent=56929"}],"wp:term":[{"taxonomy":"product_brand","embeddable":true,"href":"https:\/\/diamondspa.sk\/sk\/wp-json\/wp\/v2\/product_brand?post=56929"},{"taxonomy":"product_cat","embeddable":true,"href":"https:\/\/diamondspa.sk\/sk\/wp-json\/wp\/v2\/product_cat?post=56929"},{"taxonomy":"product_tag","embeddable":true,"href":"https:\/\/diamondspa.sk\/sk\/wp-json\/wp\/v2\/product_tag?post=56929"}],"curies":[{"name":"wp","href":"https:\/\/api.w.org\/{rel}","templated":true}]}}