{"id":56970,"date":"2025-08-01T17:57:52","date_gmt":"2025-08-01T15:57:52","guid":{"rendered":"https:\/\/diamondspa.sk\/?post_type=product&#038;p=56970"},"modified":"2025-08-26T21:58:25","modified_gmt":"2025-08-26T19:58:25","slug":"sanotechnik-viva-2-sprchovy-box-obdlznnik-bez-strechy-120x80x225cm-biely","status":"publish","type":"product","link":"https:\/\/diamondspa.sk\/sk\/produkt\/sanotechnik-viva-2-sprchovy-box-obdlznnik-bez-strechy-120x80x225cm-biely\/","title":{"rendered":"Sanotechnik VIVA 2 sprchov\u00fd box obd\u013a\u017ennik bez strechy, 120x80x225cm, biely"},"content":{"rendered":"\n<p><strong>Rozmery:&nbsp;120 x 80 x 225 cm<\/strong><br><strong>Farba: biela<\/strong><br>Posuvn\u00e9 dvere z 4 mm skla<br>Zadn\u00e1 sklenen\u00e1 stena biela<br>Sprchov\u00fd panel biely z PVC &#8211; mas\u00e1\u017eny panel je mo\u017en\u00e9 pou\u017ei\u0165 v\u013eavo aj vpravo<br>Hlin\u00edkov\u00e9 profily biele<br>ABS madl\u00e1 chr\u00f3m<br>Pojazdov\u00e9 kolieska<br>4 mas\u00e1\u017ene trysky<br>Hlavov\u00e1 sprcha<br>Ru\u010dn\u00e1 sprcha s dr\u017eiakom, ABS chr\u00f3m<br>Nerezov\u00e1 ty\u010d o v\u00fd\u0161ke 64cm vr\u00e1tane hlavovej sprchy<br>Bat\u00e9ria, sprchov\u00e1 ty\u010d s ru\u010dnou sprchou<br>Sprchov\u00e1 hadica 150 cm<br>Sklenen\u00e1 poli\u010dka<br>Sprchov\u00e1 vani\u010dka vysok\u00e1 cca 15cm<br><strong>Bez strechy<\/strong><\/p>\n\n\n\n<p>Mont\u00e1\u017e kab\u00edny nikdy nebola tak\u00e1 \u013eahk\u00e1 a r\u00fdchla.<br><br>Ako zostavi\u0165 kab\u00ednu? Proces mont\u00e1\u017ee je uveden\u00fd vo videu ni\u017e\u0161ie.<\/p>\n\n\n\n<figure class=\"wp-block-embed is-type-video is-provider-youtube wp-block-embed-youtube wp-embed-aspect-16-9 wp-has-aspect-ratio\"><div class=\"wp-block-embed__wrapper\">\n<div class=\"video-container\"><iframe title=\"Quick Line Schnell-Montage Duschkabine von Sanotechnik\" width=\"1170\" height=\"658\" src=\"https:\/\/www.youtube.com\/embed\/JQzRWu74eyQ?start=133&#038;feature=oembed\" frameborder=\"0\" allow=\"accelerometer; autoplay; clipboard-write; encrypted-media; gyroscope; picture-in-picture; web-share\" referrerpolicy=\"strict-origin-when-cross-origin\" allowfullscreen><\/iframe><\/div>\n<\/div><\/figure>\n","protected":false},"excerpt":{"rendered":"<p>Rozmery:&nbsp;120 x 80 x 225 cmFarba: bielaPosuvn\u00e9 dvere z 4 mm sklaZadn\u00e1 sklenen\u00e1 stena bielaSprchov\u00fd panel biely z PVC &#8211; mas\u00e1\u017eny panel je mo\u017en\u00e9 pou\u017ei\u0165 v\u013eavo aj vpravoHlin\u00edkov\u00e9 profily bieleABS madl\u00e1 chr\u00f3mPojazdov\u00e9 kolieska4 mas\u00e1\u017ene tryskyHlavov\u00e1 sprchaRu\u010dn\u00e1 sprcha s dr\u017eiakom, ABS chr\u00f3mNerezov\u00e1 ty\u010d o v\u00fd\u0161ke 64cm vr\u00e1tane hlavovej sprchyBat\u00e9ria, sprchov\u00e1 ty\u010d s ru\u010dnou sprchouSprchov\u00e1 hadica 150 [&hellip;]<\/p>\n","protected":false},"featured_media":57051,"comment_status":"closed","ping_status":"closed","template":"","meta":[],"product_brand":[2703],"product_cat":[111],"product_tag":[],"class_list":{"0":"post-56970","1":"product","2":"type-product","3":"status-publish","4":"has-post-thumbnail","6":"product_brand-sanotechnik","7":"product_cat-masazne-sprchove-boxy","8":"pa_sirka-120-cm","9":"pa_vyrobca-sanotechnik-rakusko","10":"pa_vyska-225-cm","12":"first","13":"instock","14":"taxable","15":"shipping-taxable","16":"purchasable","17":"product-type-simple"},"_links":{"self":[{"href":"https:\/\/diamondspa.sk\/sk\/wp-json\/wp\/v2\/product\/56970","targetHints":{"allow":["GET"]}}],"collection":[{"href":"https:\/\/diamondspa.sk\/sk\/wp-json\/wp\/v2\/product"}],"about":[{"href":"https:\/\/diamondspa.sk\/sk\/wp-json\/wp\/v2\/types\/product"}],"replies":[{"embeddable":true,"href":"https:\/\/diamondspa.sk\/sk\/wp-json\/wp\/v2\/comments?post=56970"}],"wp:featuredmedia":[{"embeddable":true,"href":"https:\/\/diamondspa.sk\/sk\/wp-json\/wp\/v2\/media\/57051"}],"wp:attachment":[{"href":"https:\/\/diamondspa.sk\/sk\/wp-json\/wp\/v2\/media?parent=56970"}],"wp:term":[{"taxonomy":"product_brand","embeddable":true,"href":"https:\/\/diamondspa.sk\/sk\/wp-json\/wp\/v2\/product_brand?post=56970"},{"taxonomy":"product_cat","embeddable":true,"href":"https:\/\/diamondspa.sk\/sk\/wp-json\/wp\/v2\/product_cat?post=56970"},{"taxonomy":"product_tag","embeddable":true,"href":"https:\/\/diamondspa.sk\/sk\/wp-json\/wp\/v2\/product_tag?post=56970"}],"curies":[{"name":"wp","href":"https:\/\/api.w.org\/{rel}","templated":true}]}}