{"id":56994,"date":"2025-08-01T18:08:20","date_gmt":"2025-08-01T16:08:20","guid":{"rendered":"https:\/\/diamondspa.sk\/?post_type=product&#038;p=56994"},"modified":"2025-08-26T21:57:45","modified_gmt":"2025-08-26T19:57:45","slug":"kompletny-sprchovy-kut-miami-cierny-s-rychlou-montazou-90-x-90-x-215-cm","status":"publish","type":"product","link":"https:\/\/diamondspa.sk\/sk\/produkt\/kompletny-sprchovy-kut-miami-cierny-s-rychlou-montazou-90-x-90-x-215-cm\/","title":{"rendered":"Kompletn\u00fd sprchov\u00fd k\u00fat MIAMI \u010dierny s r\u00fdchlou mont\u00e1\u017eou 90 x 90 x 215 cm"},"content":{"rendered":"\n<p><strong>Kompletn\u00fd sprchov\u00fd k\u00fat MIAMI \u010dierny &#8211; s r\u00fdchlou mont\u00e1\u017eou 90 x 90 x 215 cm<\/strong><\/p>\n\n\n\n<p><br>Objavte<strong> maxim\u00e1lny komfort a luxus <\/strong>s na\u0161\u00edm najmodernej\u0161\u00edm kompletn\u00fdm sprchov\u00fdm k\u00fatom. Toto elegantn\u00e9 rie\u0161enie sp\u00e1ja \u0161t\u00fdl a funk\u010dnos\u0165 a pon\u00faka v\u00e1m jedine\u010dn\u00fd z\u00e1\u017eitok zo sprchovania vo va\u0161ej dom\u00e1cnosti.<br>N\u00e1\u0161 kompletn\u00fd sprchov\u00fd k\u00fat vybaven\u00fd najnov\u0161ou technol\u00f3giou pon\u00faka mno\u017estvo funkci\u00ed, ktor\u00e9 obohatia v\u00e1\u0161 ka\u017edodenn\u00fd \u017eivot. V\u010faka svojmu tenk\u00e9mu dizajnu sa n\u00e1\u0161 sprchov\u00fd k\u00fat bez probl\u00e9mov hod\u00ed do ka\u017edej k\u00fape\u013ene a vytvor\u00ed \u0161t\u00fdlov\u00fa atmosf\u00e9ru. Vyroben\u00fd z vysoko kvalitn\u00fdch materi\u00e1lov a s jednoduchou in\u0161tal\u00e1ciou je nielen p\u00fatav\u00fd, ale aj odoln\u00fd a nen\u00e1ro\u010dn\u00fd na \u00fadr\u017ebu. Objavte bud\u00facnos\u0165 sprchovania s na\u0161\u00edm kompletn\u00fdm sprchov\u00fdm k\u00fatom a preme\u0148te svoju k\u00fape\u013e\u0148u na o\u00e1zu relaxu a rekre\u00e1cie.<\/p>\n\n\n\n<p><br><strong>Podrobnosti o produkte:<\/strong><\/p>\n\n\n\n<p>Rozmery: 90x90x215 cm<br>Dvere z bezpe\u010dnostn\u00e9ho skla 5 mm a sklenen\u00e1 pevn\u00e1 \u010das\u0165<br>Zadn\u00e1 stena z bezpe\u010dnostn\u00e9ho skla 4 mm biela<br>Hlin\u00edkov\u00e9 profily matn\u00e1 \u010dierna<br>Dvojit\u00e1 ABS rukov\u00e4\u0165 v \u010diernej farbe<br>3 funkcie mix\u00e9ra<br>3 &#8211; Funkcie ru\u010dnej sprchy<br>Dotykov\u00e9 ovl\u00e1danie s r\u00e1diom<br>Hlin\u00edkov\u00fd nerezov\u00fd panel s 1 mas\u00e1\u017enou tryskou<br>Dvojit\u00e9 koles\u00e1 sklopn\u00e9 hore\/dole<br>Sklenen\u00e1 strecha s LED osvetlen\u00edm, ventil\u00e1torom a reproduktormi<br>Sprchov\u00e1 vani\u010dka vysok\u00e1 14 cm<br>So syst\u00e9mom r\u00fdchlej mont\u00e1\u017ee Quick Line<\/p>\n","protected":false},"excerpt":{"rendered":"<p>Kompletn\u00fd sprchov\u00fd k\u00fat MIAMI \u010dierny &#8211; s r\u00fdchlou mont\u00e1\u017eou 90 x 90 x 215 cm Objavte maxim\u00e1lny komfort a luxus s na\u0161\u00edm najmodernej\u0161\u00edm kompletn\u00fdm sprchov\u00fdm k\u00fatom. Toto elegantn\u00e9 rie\u0161enie sp\u00e1ja \u0161t\u00fdl a funk\u010dnos\u0165 a pon\u00faka v\u00e1m jedine\u010dn\u00fd z\u00e1\u017eitok zo sprchovania vo va\u0161ej dom\u00e1cnosti.N\u00e1\u0161 kompletn\u00fd sprchov\u00fd k\u00fat vybaven\u00fd najnov\u0161ou technol\u00f3giou pon\u00faka mno\u017estvo funkci\u00ed, ktor\u00e9 obohatia v\u00e1\u0161 [&hellip;]<\/p>\n","protected":false},"featured_media":56995,"comment_status":"closed","ping_status":"closed","template":"","meta":[],"product_brand":[2703],"product_cat":[111],"product_tag":[],"class_list":{"0":"post-56994","1":"product","2":"type-product","3":"status-publish","4":"has-post-thumbnail","6":"product_brand-sanotechnik","7":"product_cat-masazne-sprchove-boxy","8":"pa_sirka-90-cm","9":"pa_vyrobca-sanotechnik-rakusko","10":"pa_vyska-215-cm","12":"first","13":"outofstock","14":"taxable","15":"shipping-taxable","16":"purchasable","17":"product-type-simple"},"_links":{"self":[{"href":"https:\/\/diamondspa.sk\/sk\/wp-json\/wp\/v2\/product\/56994","targetHints":{"allow":["GET"]}}],"collection":[{"href":"https:\/\/diamondspa.sk\/sk\/wp-json\/wp\/v2\/product"}],"about":[{"href":"https:\/\/diamondspa.sk\/sk\/wp-json\/wp\/v2\/types\/product"}],"replies":[{"embeddable":true,"href":"https:\/\/diamondspa.sk\/sk\/wp-json\/wp\/v2\/comments?post=56994"}],"wp:featuredmedia":[{"embeddable":true,"href":"https:\/\/diamondspa.sk\/sk\/wp-json\/wp\/v2\/media\/56995"}],"wp:attachment":[{"href":"https:\/\/diamondspa.sk\/sk\/wp-json\/wp\/v2\/media?parent=56994"}],"wp:term":[{"taxonomy":"product_brand","embeddable":true,"href":"https:\/\/diamondspa.sk\/sk\/wp-json\/wp\/v2\/product_brand?post=56994"},{"taxonomy":"product_cat","embeddable":true,"href":"https:\/\/diamondspa.sk\/sk\/wp-json\/wp\/v2\/product_cat?post=56994"},{"taxonomy":"product_tag","embeddable":true,"href":"https:\/\/diamondspa.sk\/sk\/wp-json\/wp\/v2\/product_tag?post=56994"}],"curies":[{"name":"wp","href":"https:\/\/api.w.org\/{rel}","templated":true}]}}