{"id":7638,"date":"2024-03-09T21:47:09","date_gmt":"2024-03-09T20:47:09","guid":{"rendered":"https:\/\/diamondspa.sk\/product\/vana-so-zastenou-afrodyta-170\/"},"modified":"2024-03-10T09:05:48","modified_gmt":"2024-03-10T08:05:48","slug":"vana-so-zastenou-afrodyta-170","status":"publish","type":"product","link":"https:\/\/diamondspa.sk\/sk\/produkt\/vana-so-zastenou-afrodyta-170\/","title":{"rendered":"Va\u0148a so z\u00e1stenou AFRODYTA 170"},"content":{"rendered":"<p><span style=\"font-size: large;\"><strong>Va\u0148a so z\u00e1stenou AFRODYTA 170<\/strong><\/span><\/p>\n<p>Komplet obsahuje :<\/p>\n<ul>\n<li>va\u0148a s regulovateln\u00fdmi v\u00fd\u0161kovo nastaviteln\u00fdmi nohami<\/li>\n<li>va\u0148ov\u00e1 z\u00e1stena<\/li>\n<li>akrylov\u00fd predn\u00fd obklad vane<\/li>\n<li>sif\u00f3n click-clack<\/li>\n<\/ul>\n<p>Dostupn\u00e9 \u013eav\u00e9 alebo prav\u00e9 prevedenie vane.<\/p>\n<p>\u00a0<\/p>\n<p><span style=\"font-size: 10px; color: #666666;\"><br \/><span style=\"font-size: small;\">Mont\u00e1\u017e : pr\u00edstenn\u00e1<\/span><br \/><span style=\"font-size: small;\">Sklo : tvrden\u00e9 6 mm, vzor \u0161tvor\u010deky<\/span><br \/><span style=\"font-size: small;\">Rozmery vane : 170x85cm <\/span><br \/><span style=\"font-size: small;\">Rozmery z\u00e1steny : 147&#215;88,5cm <\/span><\/span><\/p>\n<p>\u00a0<\/p>\n<p><span style=\"font-size: 10px; color: #666666;\"><span style=\"font-size: small;\">Z\u00e1ruka 24 mesiacov.<\/span><br \/><\/span><\/p>\n","protected":false},"excerpt":{"rendered":"<p>Va\u0148a so z\u00e1stenou AFRODYTA 170 Komplet obsahuje : va\u0148a s regulovateln\u00fdmi v\u00fd\u0161kovo nastaviteln\u00fdmi nohami va\u0148ov\u00e1 z\u00e1stena akrylov\u00fd predn\u00fd obklad vane sif\u00f3n click-clack Dostupn\u00e9 \u013eav\u00e9 alebo prav\u00e9 prevedenie vane. \u00a0 Mont\u00e1\u017e : pr\u00edstenn\u00e1Sklo : tvrden\u00e9 6 mm, vzor \u0161tvor\u010dekyRozmery vane : 170x85cm Rozmery z\u00e1steny : 147&#215;88,5cm \u00a0 Z\u00e1ruka 24 mesiacov.<\/p>\n","protected":false},"featured_media":7639,"comment_status":"closed","ping_status":"open","template":"","meta":[],"product_brand":[],"product_cat":[65],"product_tag":[],"class_list":{"0":"post-7638","1":"product","2":"type-product","3":"status-publish","4":"has-post-thumbnail","6":"product_cat-vane","7":"pa_material-akrylat","8":"pa_sirka-85-cm","10":"first","11":"outofstock","12":"taxable","13":"shipping-taxable","14":"purchasable","15":"product-type-simple"},"_links":{"self":[{"href":"https:\/\/diamondspa.sk\/sk\/wp-json\/wp\/v2\/product\/7638","targetHints":{"allow":["GET"]}}],"collection":[{"href":"https:\/\/diamondspa.sk\/sk\/wp-json\/wp\/v2\/product"}],"about":[{"href":"https:\/\/diamondspa.sk\/sk\/wp-json\/wp\/v2\/types\/product"}],"replies":[{"embeddable":true,"href":"https:\/\/diamondspa.sk\/sk\/wp-json\/wp\/v2\/comments?post=7638"}],"wp:featuredmedia":[{"embeddable":true,"href":"https:\/\/diamondspa.sk\/sk\/wp-json\/wp\/v2\/media\/7639"}],"wp:attachment":[{"href":"https:\/\/diamondspa.sk\/sk\/wp-json\/wp\/v2\/media?parent=7638"}],"wp:term":[{"taxonomy":"product_brand","embeddable":true,"href":"https:\/\/diamondspa.sk\/sk\/wp-json\/wp\/v2\/product_brand?post=7638"},{"taxonomy":"product_cat","embeddable":true,"href":"https:\/\/diamondspa.sk\/sk\/wp-json\/wp\/v2\/product_cat?post=7638"},{"taxonomy":"product_tag","embeddable":true,"href":"https:\/\/diamondspa.sk\/sk\/wp-json\/wp\/v2\/product_tag?post=7638"}],"curies":[{"name":"wp","href":"https:\/\/api.w.org\/{rel}","templated":true}]}}