{"id":7692,"date":"2024-03-09T21:47:09","date_gmt":"2024-03-09T20:47:09","guid":{"rendered":"https:\/\/diamondspa.sk\/product\/vana-cordoba-1355x95\/"},"modified":"2024-03-10T09:06:16","modified_gmt":"2024-03-10T08:06:16","slug":"vana-cordoba-1355x95","status":"publish","type":"product","link":"https:\/\/diamondspa.sk\/sk\/produkt\/vana-cordoba-1355x95\/","title":{"rendered":"Va\u0148a CORDOBA 135,5&#215;95"},"content":{"rendered":"<h2>Va\u0148a CORDOBA 135,5&#215;95 cm<\/h2>\n<p>\u00a0<\/p>\n<p>Akrylov\u00e1 va\u0148a s nozi\u010dkami,<\/p>\n<p>vyroben\u00e1 z akrylov\u00e9ho materi\u00e1lu zosilnen\u00e9ho sklenen\u00fdmi vl\u00e1knami.<\/p>\n<p>Vyzna\u010duje sa vysokou kvalitou, vztahuje sa na \u0148u z\u00e1ruka od v\u00fdrobcu 15 rokov.<\/p>\n<p>Na \u00favodnom vyobrazen\u00ed zobrazen\u00e1 \u013eav\u00e1 verzia va\u0148e.<\/p>\n<p>Pri objedn\u00e1vke potrebn\u00e9 uvies\u0165 orient\u00e1ciu strany vane. P\/\u013d<\/p>\n<p>\u00a0<\/p>\n<p>Mo\u017enos\u0165 doobjednania \u010deln\u00e9ho obkladu vane.\u00a0 <a href=\"https:\/\/www.renovuj.sk\/renovuj\/eshop\/0\/3\/5\/1013-Obklad-vane-CORDOBA-135-5x95\">Vi\u010f tu<\/a><\/p>\n<table class=\"parametry\" border=\"0\" cellspacing=\"0\" cellpadding=\"5\">\n<tbody>\n<tr valign=\"top\">\n<td style=\"text-align: left;\" align=\"right\" width=\"50%\">D\u013a\u017eka:<\/td>\n<td style=\"text-align: left;\"><strong>135,5cm<\/strong><\/td>\n<\/tr>\n<tr valign=\"top\">\n<td style=\"text-align: left;\" align=\"right\" width=\"50%\">\u0160\u00edrka:<\/td>\n<td style=\"text-align: left;\"><strong>95cm<\/strong><\/td>\n<\/tr>\n<tr valign=\"top\">\n<td style=\"text-align: left;\" align=\"right\" width=\"50%\">H\u013abka:<\/td>\n<td style=\"text-align: left;\"><strong>32cm<\/strong><\/td>\n<\/tr>\n<tr valign=\"top\">\n<td style=\"text-align: left;\" align=\"right\" width=\"50%\">Objem [v litroch ]:<\/td>\n<td style=\"text-align: left;\"><strong>120<\/strong><\/td>\n<\/tr>\n<tr valign=\"top\">\n<td style=\"text-align: left;\" align=\"right\" width=\"50%\">Farebn\u00e9 prevedenie:<\/td>\n<td style=\"text-align: left;\"><strong>biele<\/strong><\/td>\n<\/tr>\n<tr valign=\"top\">\n<td style=\"text-align: left;\" align=\"right\" width=\"50%\">Materi\u00e1l:<\/td>\n<td style=\"text-align: left;\"><strong>akryl\u00e1t<\/strong><\/td>\n<\/tr>\n<\/tbody>\n<\/table>\n<p>\u00a0<\/p>\n<p>\u00a0<\/p>\n<p>Z\u00e1ruka 24 mesiacov.<\/p>\n","protected":false},"excerpt":{"rendered":"<p>Va\u0148a CORDOBA 135,5&#215;95 cm \u00a0 Akrylov\u00e1 va\u0148a s nozi\u010dkami, vyroben\u00e1 z akrylov\u00e9ho materi\u00e1lu zosilnen\u00e9ho sklenen\u00fdmi vl\u00e1knami. Vyzna\u010duje sa vysokou kvalitou, vztahuje sa na \u0148u z\u00e1ruka od v\u00fdrobcu 15 rokov. Na \u00favodnom vyobrazen\u00ed zobrazen\u00e1 \u013eav\u00e1 verzia va\u0148e. Pri objedn\u00e1vke potrebn\u00e9 uvies\u0165 orient\u00e1ciu strany vane. P\/\u013d \u00a0 Mo\u017enos\u0165 doobjednania \u010deln\u00e9ho obkladu vane.\u00a0 Vi\u010f tu D\u013a\u017eka: 135,5cm \u0160\u00edrka: [&hellip;]<\/p>\n","protected":false},"featured_media":7693,"comment_status":"closed","ping_status":"open","template":"","meta":[],"product_brand":[],"product_cat":[65],"product_tag":[],"class_list":{"0":"post-7692","1":"product","2":"type-product","3":"status-publish","4":"has-post-thumbnail","6":"product_cat-vane","7":"pa_material-akrylat","8":"pa_sirka-95-cm","10":"first","11":"outofstock","12":"sale","13":"taxable","14":"shipping-taxable","15":"purchasable","16":"product-type-simple"},"_links":{"self":[{"href":"https:\/\/diamondspa.sk\/sk\/wp-json\/wp\/v2\/product\/7692","targetHints":{"allow":["GET"]}}],"collection":[{"href":"https:\/\/diamondspa.sk\/sk\/wp-json\/wp\/v2\/product"}],"about":[{"href":"https:\/\/diamondspa.sk\/sk\/wp-json\/wp\/v2\/types\/product"}],"replies":[{"embeddable":true,"href":"https:\/\/diamondspa.sk\/sk\/wp-json\/wp\/v2\/comments?post=7692"}],"wp:featuredmedia":[{"embeddable":true,"href":"https:\/\/diamondspa.sk\/sk\/wp-json\/wp\/v2\/media\/7693"}],"wp:attachment":[{"href":"https:\/\/diamondspa.sk\/sk\/wp-json\/wp\/v2\/media?parent=7692"}],"wp:term":[{"taxonomy":"product_brand","embeddable":true,"href":"https:\/\/diamondspa.sk\/sk\/wp-json\/wp\/v2\/product_brand?post=7692"},{"taxonomy":"product_cat","embeddable":true,"href":"https:\/\/diamondspa.sk\/sk\/wp-json\/wp\/v2\/product_cat?post=7692"},{"taxonomy":"product_tag","embeddable":true,"href":"https:\/\/diamondspa.sk\/sk\/wp-json\/wp\/v2\/product_tag?post=7692"}],"curies":[{"name":"wp","href":"https:\/\/api.w.org\/{rel}","templated":true}]}}