{"id":7865,"date":"2024-03-09T21:50:59","date_gmt":"2024-03-09T20:50:59","guid":{"rendered":"https:\/\/diamondspa.sk\/product\/m-spa-8008-lava-hydromasazna-vana-180-x-120-x-62-cm\/"},"modified":"2025-08-15T08:37:35","modified_gmt":"2025-08-15T06:37:35","slug":"m-spa-8008-lava-hydromasazna-vana-180-x-120-x-62-cm","status":"publish","type":"product","link":"https:\/\/diamondspa.sk\/sk\/produkt\/m-spa-8008-lava-hydromasazna-vana-180-x-120-x-62-cm\/","title":{"rendered":"M-SPA &#8211; 8008 \u013dav\u00e1 hydromas\u00e1\u017ena va\u0148a 180 x 120 x 62 cm"},"content":{"rendered":"<p><strong><span style=\"font-family: arial, helvetica, sans-serif;\"><span style=\"font-size: x-large;\">Rozmery : 1800x1200x620 mm<\/span><\/span><\/strong><\/p>\n<p><span style=\"font-family: arial, helvetica, sans-serif;\"><span style=\"font-size: large;\">Vysokokvalitn\u00fd sanit\u00e1rny akryl\u00e1t.<\/span><\/span><\/p>\n<p><span style=\"font-family: arial, helvetica, sans-serif;\"><span style=\"font-size: large;\">Vysokokvalitn\u00e9 chromovan\u00e9 trysky a v\u00fdlevky.<\/span><\/span><\/p>\n<p>\u00a0<\/p>\n<p><strong><span style=\"font-family: arial, helvetica, sans-serif; font-size: x-large;\">\u010cerpadl\u00e1:<\/span><\/strong><\/p>\n<p><span style=\"font-family: arial, helvetica, sans-serif; font-size: large;\">1 \u010derpadlo vodn\u00e9 \u00a01,5 HP (1100W)<\/span><\/p>\n<p><span style=\"font-family: arial, helvetica, sans-serif; font-size: large;\">1 \u010derpadlo vzduchov\u00e9 0,25 HP (250W)<\/span><\/p>\n<p>\u00a0<\/p>\n<p><strong><span style=\"font-family: arial, helvetica, sans-serif; font-size: x-large;\">Hydromas\u00e1\u017ena va\u0148a spolu obsahuje 28 trysiek.<\/span><\/strong><\/p>\n<p><span style=\"font-family: arial, helvetica, sans-serif; font-size: large;\">16 ks vzduchov\u00fdch trysiek(zabudovan\u00e9 na dne vane) podsvieten\u00fdch LED-di\u00f3d\u00e1mi meniacimi sa na 7 farieb<\/span><\/p>\n<p><span style=\"font-family: arial, helvetica, sans-serif; font-size: large;\">12 ks vodn\u00fdch trysiek<\/span><\/p>\n<p>\u00a0<\/p>\n<ul>\n<li><span style=\"font-family: 'book antiqua', palatino; font-size: large;\">zabezpe\u010denie vane pr\u00fadov\u00fdm chr\u00e1ni\u010dom<\/span><\/li>\n<li><span style=\"font-family: 'book antiqua', palatino; font-size: large;\">ovl\u00e1dac\u00ed panel so zabudovan\u00fdm r\u00e1diom<\/span><\/li>\n<li><span style=\"font-family: 'book antiqua', palatino; font-size: large;\">ru\u010dn\u00e1 sprcha<\/span><\/li>\n<li><span style=\"font-family: 'book antiqua', palatino; font-size: large;\">oz\u00f3nov\u00e1 steriliz\u00e1cia<\/span><\/li>\n<li><span style=\"font-family: 'book antiqua', palatino; font-size: large;\">regul\u00e1tor teplej a studenej vody<\/span><\/li>\n<li><span style=\"font-family: 'book antiqua', palatino; font-size: large;\">regul\u00e1tor intenzity hydromas\u00e1\u017ee<\/span><\/li>\n<li><span style=\"font-family: 'book antiqua', palatino; font-size: large;\">cirkul\u00e1cia vody<\/span><\/li>\n<li><span style=\"font-family: 'book antiqua', palatino; font-size: large;\">1,5 Kw ohrieva\u010d vody: \u00e1no\u00a0<\/span><\/li>\n<li><span style=\"font-family: 'book antiqua', palatino; font-size: large;\">1 ks podhlavn\u00edk<\/span><\/li>\n<li><span style=\"font-family: 'book antiqua', palatino; font-size: large;\">2 x viacfarebn\u00e9 osvetlenie podvodn\u00e9 LED (chromoterapia) s mo\u017enos\u0165ou nastavenia zo 7 farieb svietenia (1 farby na st\u00e1lo pr\u00edpadne spustenia sekvencie farieb)<\/span><\/li>\n<li><span style=\"font-family: 'book antiqua', palatino; font-size: large;\">2 ks odpadov\u00e1 armat\u00fara<\/span><\/li>\n<\/ul>\n<p>\u00a0<\/p>\n<p>\u00a0<\/p>\n<p>\u00a0<\/p>\n<p><img decoding=\"async\" src=\"https:\/\/diamondspa.sk\/wp-content\/uploads\/2024\/03\/certifikaty.jpg\" alt=\" width=\" 750=\" height=\" 121=\"\"><\/p>\n<p><img decoding=\"async\" src=\"https:\/\/diamondspa.sk\/wp-content\/uploads\/2024\/03\/DS-024_A.jpg\" alt=\" width=\" 750=\" height=\" 509=\"\"><\/p>\n<p><img decoding=\"async\" src=\"https:\/\/diamondspa.sk\/wp-content\/uploads\/2024\/03\/DS-024_B.jpg\" alt=\" width=\" 750=\" height=\" 540=\"\"><\/p>\n<p><img decoding=\"async\" src=\"https:\/\/diamondspa.sk\/wp-content\/uploads\/2024\/03\/DS-024_C.jpg\" alt=\" width=\" 750=\" height=\" 499=\"\"><\/p>\n<p><img decoding=\"async\" src=\"https:\/\/diamondspa.sk\/wp-content\/uploads\/2024\/03\/DS-024_D.jpg\" alt=\" width=\" 750=\" height=\" 499=\"\"><\/p>\n<p><img decoding=\"async\" src=\"https:\/\/diamondspa.sk\/wp-content\/uploads\/2024\/03\/DS-024_E.jpg\" alt=\" width=\" 750=\" height=\" 499=\"\"><\/p>\n<p><img decoding=\"async\" src=\"https:\/\/diamondspa.sk\/wp-content\/uploads\/2024\/03\/DS-024_F.jpg\" alt=\" width=\" 750=\" height=\" 499=\"\"><\/p>\n<p><img decoding=\"async\" src=\"https:\/\/diamondspa.sk\/wp-content\/uploads\/2024\/03\/DS-024_G.jpg\" alt=\" width=\" 750=\" height=\" 683=\"\"><\/p>\n<p><img decoding=\"async\" src=\"https:\/\/diamondspa.sk\/wp-content\/uploads\/2024\/03\/DS-024_H.jpg\" alt=\" width=\" 750=\" height=\" 1125=\"\"><\/p>\n<p><img decoding=\"async\" src=\"https:\/\/diamondspa.sk\/wp-content\/uploads\/2024\/03\/DS-024_fotos_detail.jpg\" alt=\"&quot;\"><\/p>\n","protected":false},"excerpt":{"rendered":"<p>Rozmery : 1800x1200x620 mm Vysokokvalitn\u00fd sanit\u00e1rny akryl\u00e1t. Vysokokvalitn\u00e9 chromovan\u00e9 trysky a v\u00fdlevky. \u00a0 \u010cerpadl\u00e1: 1 \u010derpadlo vodn\u00e9 \u00a01,5 HP (1100W) 1 \u010derpadlo vzduchov\u00e9 0,25 HP (250W) \u00a0 Hydromas\u00e1\u017ena va\u0148a spolu obsahuje 28 trysiek. 16 ks vzduchov\u00fdch trysiek(zabudovan\u00e9 na dne vane) podsvieten\u00fdch LED-di\u00f3d\u00e1mi meniacimi sa na 7 farieb 12 ks vodn\u00fdch trysiek \u00a0 zabezpe\u010denie vane pr\u00fadov\u00fdm [&hellip;]<\/p>\n","protected":false},"featured_media":7866,"comment_status":"closed","ping_status":"open","template":"","meta":[],"product_brand":[2536],"product_cat":[65],"product_tag":[],"class_list":{"0":"post-7865","1":"product","2":"type-product","3":"status-publish","4":"has-post-thumbnail","6":"product_brand-m-spa","7":"product_cat-vane","8":"pa_material-akrylat","9":"pa_sirka-120-cm","10":"pa_vyrobca-m-spa","12":"first","13":"outofstock","14":"sale","15":"taxable","16":"shipping-taxable","17":"purchasable","18":"product-type-simple"},"_links":{"self":[{"href":"https:\/\/diamondspa.sk\/sk\/wp-json\/wp\/v2\/product\/7865","targetHints":{"allow":["GET"]}}],"collection":[{"href":"https:\/\/diamondspa.sk\/sk\/wp-json\/wp\/v2\/product"}],"about":[{"href":"https:\/\/diamondspa.sk\/sk\/wp-json\/wp\/v2\/types\/product"}],"replies":[{"embeddable":true,"href":"https:\/\/diamondspa.sk\/sk\/wp-json\/wp\/v2\/comments?post=7865"}],"wp:featuredmedia":[{"embeddable":true,"href":"https:\/\/diamondspa.sk\/sk\/wp-json\/wp\/v2\/media\/7866"}],"wp:attachment":[{"href":"https:\/\/diamondspa.sk\/sk\/wp-json\/wp\/v2\/media?parent=7865"}],"wp:term":[{"taxonomy":"product_brand","embeddable":true,"href":"https:\/\/diamondspa.sk\/sk\/wp-json\/wp\/v2\/product_brand?post=7865"},{"taxonomy":"product_cat","embeddable":true,"href":"https:\/\/diamondspa.sk\/sk\/wp-json\/wp\/v2\/product_cat?post=7865"},{"taxonomy":"product_tag","embeddable":true,"href":"https:\/\/diamondspa.sk\/sk\/wp-json\/wp\/v2\/product_tag?post=7865"}],"curies":[{"name":"wp","href":"https:\/\/api.w.org\/{rel}","templated":true}]}}