{"id":7995,"date":"2024-03-09T21:52:09","date_gmt":"2024-03-09T20:52:09","guid":{"rendered":"https:\/\/diamondspa.sk\/product\/inspiro-150-vanova-zastena-vana-lava\/"},"modified":"2024-03-10T09:11:50","modified_gmt":"2024-03-10T08:11:50","slug":"inspiro-150-vanova-zastena-vana-lava","status":"publish","type":"product","link":"https:\/\/diamondspa.sk\/sk\/produkt\/inspiro-150-vanova-zastena-vana-lava\/","title":{"rendered":"INSPIRO 150 + va\u0148ov\u00e1 z\u00e1stena va\u0148a lav\u00e1"},"content":{"rendered":"<h2><span style=\"font-size: 18px;\"><strong>Obd\u013a\u017enikov\u00e1 va\u0148a INSPIRO 150 L so z\u00e1stenou<\/strong><\/span><\/h2>\n<p><span style=\"font-size: medium;\">Sprchovacia va\u0148a pre t\u00fdch, ktor\u00ed sa nevedia rozhodn\u00fa\u0165 medzi va\u0148ou a sprchov\u00fdm k\u00fatom. <\/span><\/p>\n<ul>\n<li><span style=\"font-size: large;\"> <strong>Rozmery:<\/strong> 1500 x 790mm<\/span><\/li>\n<li><span style=\"font-size: large;\"> <strong>H\u013abka:<\/strong> 400mm<\/span><\/li>\n<li><span style=\"font-size: large;\"> <strong>Priemer prepadu:<\/strong> 52mm<\/span><\/li>\n<li><span style=\"font-size: large;\"> <strong>Priemer odpadu:<\/strong> 52mm<\/span><\/li>\n<li><span style=\"font-size: large;\"> <strong>Materi\u00e1l:<\/strong> akryl\u00e1t<\/span><\/li>\n<li><span style=\"font-size: large;\"> <strong>Objem:<\/strong> 170L<\/span><\/li>\n<\/ul>\n<p>\u00a0<\/p>\n<p><span style=\"font-size: medium;\">Akryl\u00e1tov\u00e9 vane s\u00fa vyr\u00e1ban\u00e9 z akryl\u00e1tu vystu\u017een\u00e9ho sklenen\u00fdmi vl\u00e1knami. Poskytuj\u00fa vlastnosti akryl\u00e1tov\u00fdch v\u00fdrobkov, ale navy\u0161e aj vysok\u00fa pevnos\u0165. Predstavuj\u00fa vysok\u00fd \u0161tandard kvality za prijate\u013en\u00fa cenu.<\/span><\/p>\n<p>\u00a0<\/p>\n<p><span style=\"font-size: medium;\">V komplete nohy a pr\u00edslu\u0161enstvo k mont\u00e1\u017ei.<\/span><\/p>\n<div class=\"box-content\">Mo\u017enos\u0165 zak\u00fapenia obkladu vane.<\/div>\n<div class=\"box-content\">Z\u00e1ruka 24 mesiacov.<\/div>\n<p><span style=\"font-size: medium;\">\u00a0<\/span><\/p>\n","protected":false},"excerpt":{"rendered":"<p>Obd\u013a\u017enikov\u00e1 va\u0148a INSPIRO 150 L so z\u00e1stenou Sprchovacia va\u0148a pre t\u00fdch, ktor\u00ed sa nevedia rozhodn\u00fa\u0165 medzi va\u0148ou a sprchov\u00fdm k\u00fatom. Rozmery: 1500 x 790mm H\u013abka: 400mm Priemer prepadu: 52mm Priemer odpadu: 52mm Materi\u00e1l: akryl\u00e1t Objem: 170L \u00a0 Akryl\u00e1tov\u00e9 vane s\u00fa vyr\u00e1ban\u00e9 z akryl\u00e1tu vystu\u017een\u00e9ho sklenen\u00fdmi vl\u00e1knami. Poskytuj\u00fa vlastnosti akryl\u00e1tov\u00fdch v\u00fdrobkov, ale navy\u0161e aj vysok\u00fa pevnos\u0165. [&hellip;]<\/p>\n","protected":false},"featured_media":7996,"comment_status":"closed","ping_status":"open","template":"","meta":[],"product_brand":[],"product_cat":[65],"product_tag":[],"class_list":{"0":"post-7995","1":"product","2":"type-product","3":"status-publish","4":"has-post-thumbnail","6":"product_cat-vane","7":"pa_material-akrylat","8":"pa_sirka-79-cm","10":"first","11":"outofstock","12":"taxable","13":"shipping-taxable","14":"purchasable","15":"product-type-simple"},"_links":{"self":[{"href":"https:\/\/diamondspa.sk\/sk\/wp-json\/wp\/v2\/product\/7995","targetHints":{"allow":["GET"]}}],"collection":[{"href":"https:\/\/diamondspa.sk\/sk\/wp-json\/wp\/v2\/product"}],"about":[{"href":"https:\/\/diamondspa.sk\/sk\/wp-json\/wp\/v2\/types\/product"}],"replies":[{"embeddable":true,"href":"https:\/\/diamondspa.sk\/sk\/wp-json\/wp\/v2\/comments?post=7995"}],"wp:featuredmedia":[{"embeddable":true,"href":"https:\/\/diamondspa.sk\/sk\/wp-json\/wp\/v2\/media\/7996"}],"wp:attachment":[{"href":"https:\/\/diamondspa.sk\/sk\/wp-json\/wp\/v2\/media?parent=7995"}],"wp:term":[{"taxonomy":"product_brand","embeddable":true,"href":"https:\/\/diamondspa.sk\/sk\/wp-json\/wp\/v2\/product_brand?post=7995"},{"taxonomy":"product_cat","embeddable":true,"href":"https:\/\/diamondspa.sk\/sk\/wp-json\/wp\/v2\/product_cat?post=7995"},{"taxonomy":"product_tag","embeddable":true,"href":"https:\/\/diamondspa.sk\/sk\/wp-json\/wp\/v2\/product_tag?post=7995"}],"curies":[{"name":"wp","href":"https:\/\/api.w.org\/{rel}","templated":true}]}}