{"id":8014,"date":"2024-03-09T21:52:09","date_gmt":"2024-03-09T20:52:09","guid":{"rendered":"https:\/\/diamondspa.sk\/product\/integra-170-vana-prava\/"},"modified":"2024-03-10T09:11:53","modified_gmt":"2024-03-10T08:11:53","slug":"integra-170-vana-prava","status":"publish","type":"product","link":"https:\/\/diamondspa.sk\/sk\/produkt\/integra-170-vana-prava\/","title":{"rendered":"INTEGRA 170 va\u0148a prav\u00e1"},"content":{"rendered":"<h2><span style=\"font-size: 18px;\"><strong>Asymetrick\u00e1 obd\u013a\u017enikov\u00e1 va\u0148a INTEGRA 170 L<\/strong><\/span><\/h2>\n<p>\u00a0<\/p>\n<ul>\n<li><span style=\"font-size: large;\"> <strong>Rozmery:<\/strong> 1700 x 750mm<\/span><\/li>\n<li><span style=\"font-size: large;\"> <strong>H\u013abka:<\/strong> 410mm<\/span><\/li>\n<li><span style=\"font-size: large;\"> <strong>Priemer prepadu:<\/strong> 52mm<\/span><\/li>\n<li><span style=\"font-size: large;\"> <strong>Priemer odpadu:<\/strong> 52mm<\/span><\/li>\n<li><span style=\"font-size: large;\"> <strong>Materi\u00e1l:<\/strong> akryl\u00e1t<\/span><\/li>\n<li><span style=\"font-size: large;\"> <strong>Objem:<\/strong> 190L<\/span><\/li>\n<\/ul>\n<p><span style=\"font-size: medium;\">Akryl\u00e1tov\u00e9 vane s\u00fa vyr\u00e1ban\u00e9 z akryl\u00e1tu vystu\u017een\u00e9ho sklenen\u00fdmi vl\u00e1knami. Poskytuj\u00fa vlastnosti akryl\u00e1tov\u00fdch v\u00fdrobkov, ale navy\u0161e aj vysok\u00fa pevnos\u0165. Predstavuj\u00fa vysok\u00fd \u0161tandard kvality za prijate\u013en\u00fa cenu.<\/span><\/p>\n","protected":false},"excerpt":{"rendered":"<p>Asymetrick\u00e1 obd\u013a\u017enikov\u00e1 va\u0148a INTEGRA 170 L \u00a0 Rozmery: 1700 x 750mm H\u013abka: 410mm Priemer prepadu: 52mm Priemer odpadu: 52mm Materi\u00e1l: akryl\u00e1t Objem: 190L Akryl\u00e1tov\u00e9 vane s\u00fa vyr\u00e1ban\u00e9 z akryl\u00e1tu vystu\u017een\u00e9ho sklenen\u00fdmi vl\u00e1knami. Poskytuj\u00fa vlastnosti akryl\u00e1tov\u00fdch v\u00fdrobkov, ale navy\u0161e aj vysok\u00fa pevnos\u0165. Predstavuj\u00fa vysok\u00fd \u0161tandard kvality za prijate\u013en\u00fa cenu.<\/p>\n","protected":false},"featured_media":8015,"comment_status":"closed","ping_status":"open","template":"","meta":[],"product_brand":[],"product_cat":[65],"product_tag":[],"class_list":{"0":"post-8014","1":"product","2":"type-product","3":"status-publish","4":"has-post-thumbnail","6":"product_cat-vane","7":"pa_material-akrylat","8":"pa_sirka-75-cm","10":"first","11":"outofstock","12":"taxable","13":"shipping-taxable","14":"purchasable","15":"product-type-simple"},"_links":{"self":[{"href":"https:\/\/diamondspa.sk\/sk\/wp-json\/wp\/v2\/product\/8014","targetHints":{"allow":["GET"]}}],"collection":[{"href":"https:\/\/diamondspa.sk\/sk\/wp-json\/wp\/v2\/product"}],"about":[{"href":"https:\/\/diamondspa.sk\/sk\/wp-json\/wp\/v2\/types\/product"}],"replies":[{"embeddable":true,"href":"https:\/\/diamondspa.sk\/sk\/wp-json\/wp\/v2\/comments?post=8014"}],"wp:featuredmedia":[{"embeddable":true,"href":"https:\/\/diamondspa.sk\/sk\/wp-json\/wp\/v2\/media\/8015"}],"wp:attachment":[{"href":"https:\/\/diamondspa.sk\/sk\/wp-json\/wp\/v2\/media?parent=8014"}],"wp:term":[{"taxonomy":"product_brand","embeddable":true,"href":"https:\/\/diamondspa.sk\/sk\/wp-json\/wp\/v2\/product_brand?post=8014"},{"taxonomy":"product_cat","embeddable":true,"href":"https:\/\/diamondspa.sk\/sk\/wp-json\/wp\/v2\/product_cat?post=8014"},{"taxonomy":"product_tag","embeddable":true,"href":"https:\/\/diamondspa.sk\/sk\/wp-json\/wp\/v2\/product_tag?post=8014"}],"curies":[{"name":"wp","href":"https:\/\/api.w.org\/{rel}","templated":true}]}}