{"id":8037,"date":"2024-03-09T21:52:09","date_gmt":"2024-03-09T20:52:09","guid":{"rendered":"https:\/\/diamondspa.sk\/product\/m-spa-hydromasazna-vana-lava-663-pre-1-osobu-169-x-87-x-61-cm\/"},"modified":"2025-08-15T08:37:35","modified_gmt":"2025-08-15T06:37:35","slug":"m-spa-hydromasazna-vana-lava-663-pre-1-osobu-169-x-87-x-61-cm","status":"publish","type":"product","link":"https:\/\/diamondspa.sk\/sk\/produkt\/m-spa-hydromasazna-vana-lava-663-pre-1-osobu-169-x-87-x-61-cm\/","title":{"rendered":"M-SPA &#8211; Hydromas\u00e1\u017ena va\u0148a \u013eav\u00e1 663 pre 1 osobu 169 x 87 x 61 cm"},"content":{"rendered":"<p>Opierky hlavy: 1 priskrutkovan\u00e9<br \/>N\u00e1ter: akryl\u00a0(100% akryl &#8211; toto nie je akryl s pr\u00edmesou ABS)\u00a0<br \/>Vodn\u00e9 \u010derpadlo 0,7 kW: 1 ks\u00a0<br \/>Vodn\u00e9 trysky 9 ks (4 ve\u013ek\u00e9 \/ 5 mal\u00fdch)\u00a0<br \/>Vzduchov\u00e9 trysky \u010derpadlo: v\u00fdkon 0,25 kW\u00a0<br \/>Vzduchov\u00e9 trysky: 8 ks\u00a0<br \/>Prevzdu\u0161\u0148ovac\u00ed syst\u00e9m <br \/>Vodn\u00e9 trysky: \u00e1no <br \/>Regul\u00e1tor prevzdu\u0161\u0148ovania: \u00e1no\u00a0<\/p>\n<p><strong>NOVINKA:\u00a0<\/strong><\/p>\n<p>(gravita\u010dn\u00fd) syst\u00e9m na su\u0161enie mas\u00e1\u017enych trub\u00edc <br \/>Gener\u00e1tor oz\u00f3nu: \u00e1no\u00a0<br \/>Multifunk\u010dn\u00e1 ru\u010dn\u00e1 sprcha: \u00e1no\u00a0<br \/>Presklen\u00e1 predn\u00e1 \u010das\u0165<br \/>Farebn\u00e9 podvodn\u00e9 osvetlenie: \u00e1no 1 kus<br \/>LED svetlo: 7 kusov<br \/>Spodn\u00e1 \u010das\u0165 profilu: \u00e1no<br \/>3 strany vstavan\u00e9<br \/>Nov\u00fd ovl\u00e1dac\u00ed panel: \u00e1no<br \/>R\u00e1dio: \u00e1no<br \/>Reproduktor: \u00e1no<\/p>\n","protected":false},"excerpt":{"rendered":"<p>Opierky hlavy: 1 priskrutkovan\u00e9N\u00e1ter: akryl\u00a0(100% akryl &#8211; toto nie je akryl s pr\u00edmesou ABS)\u00a0Vodn\u00e9 \u010derpadlo 0,7 kW: 1 ks\u00a0Vodn\u00e9 trysky 9 ks (4 ve\u013ek\u00e9 \/ 5 mal\u00fdch)\u00a0Vzduchov\u00e9 trysky \u010derpadlo: v\u00fdkon 0,25 kW\u00a0Vzduchov\u00e9 trysky: 8 ks\u00a0Prevzdu\u0161\u0148ovac\u00ed syst\u00e9m Vodn\u00e9 trysky: \u00e1no Regul\u00e1tor prevzdu\u0161\u0148ovania: \u00e1no\u00a0 NOVINKA:\u00a0 (gravita\u010dn\u00fd) syst\u00e9m na su\u0161enie mas\u00e1\u017enych trub\u00edc Gener\u00e1tor oz\u00f3nu: \u00e1no\u00a0Multifunk\u010dn\u00e1 ru\u010dn\u00e1 sprcha: \u00e1no\u00a0Presklen\u00e1 [&hellip;]<\/p>\n","protected":false},"featured_media":8038,"comment_status":"closed","ping_status":"open","template":"","meta":[],"product_brand":[2536],"product_cat":[65],"product_tag":[],"class_list":{"0":"post-8037","1":"product","2":"type-product","3":"status-publish","4":"has-post-thumbnail","6":"product_brand-m-spa","7":"product_cat-vane","8":"pa_material-akrylat","9":"pa_napajanie-220-240-v-50-hz","10":"pa_objem-180-l","11":"pa_povrch-akryl","12":"pa_sirka-87-cm","13":"pa_vaha-65-kg","14":"pa_vyrobca-m-spa","15":"pa_vyska-60-cm","16":"pa_zaruka-2-roky","18":"first","19":"instock","20":"sale","21":"taxable","22":"shipping-taxable","23":"purchasable","24":"product-type-simple"},"_links":{"self":[{"href":"https:\/\/diamondspa.sk\/sk\/wp-json\/wp\/v2\/product\/8037","targetHints":{"allow":["GET"]}}],"collection":[{"href":"https:\/\/diamondspa.sk\/sk\/wp-json\/wp\/v2\/product"}],"about":[{"href":"https:\/\/diamondspa.sk\/sk\/wp-json\/wp\/v2\/types\/product"}],"replies":[{"embeddable":true,"href":"https:\/\/diamondspa.sk\/sk\/wp-json\/wp\/v2\/comments?post=8037"}],"wp:featuredmedia":[{"embeddable":true,"href":"https:\/\/diamondspa.sk\/sk\/wp-json\/wp\/v2\/media\/8038"}],"wp:attachment":[{"href":"https:\/\/diamondspa.sk\/sk\/wp-json\/wp\/v2\/media?parent=8037"}],"wp:term":[{"taxonomy":"product_brand","embeddable":true,"href":"https:\/\/diamondspa.sk\/sk\/wp-json\/wp\/v2\/product_brand?post=8037"},{"taxonomy":"product_cat","embeddable":true,"href":"https:\/\/diamondspa.sk\/sk\/wp-json\/wp\/v2\/product_cat?post=8037"},{"taxonomy":"product_tag","embeddable":true,"href":"https:\/\/diamondspa.sk\/sk\/wp-json\/wp\/v2\/product_tag?post=8037"}],"curies":[{"name":"wp","href":"https:\/\/api.w.org\/{rel}","templated":true}]}}