{"id":8045,"date":"2024-03-09T21:55:33","date_gmt":"2024-03-09T20:55:33","guid":{"rendered":"https:\/\/diamondspa.sk\/product\/m-spa-prava-hydromasazna-vana-s-hydromasazou-062-180-x-120-x-61-cm\/"},"modified":"2025-08-15T08:37:35","modified_gmt":"2025-08-15T06:37:35","slug":"m-spa-prava-hydromasazna-vana-s-hydromasazou-062-180-x-120-x-61-cm","status":"publish","type":"product","link":"https:\/\/diamondspa.sk\/sk\/produkt\/m-spa-prava-hydromasazna-vana-s-hydromasazou-062-180-x-120-x-61-cm\/","title":{"rendered":"M-SPA &#8211; Prav\u00e1 hydromas\u00e1\u017ena va\u0148a s hydromas\u00e1\u017eou 062 180 x 120 x 61 cm"},"content":{"rendered":"<p>Verzia: PRAV\u00c1<br \/>Povrchov\u00e1 \u00faprava: akryl-USA<br \/>Skrutkovan\u00e9 opierky hlavy: 2 ks<br \/>Kon\u0161trukcia z nehrdzavej\u00facej ocele: \u00e1no<\/p>\n<p>Vodn\u00e9 trysky: Celkom 35 ks vr\u00e1tane:<\/p>\n<ul>\n<li>&#8211; ve\u013ek\u00fdch vodn\u00fdch d\u00fdz 12 ks<\/li>\n<li>&#8211; mal\u00fdch vodn\u00fdch d\u00fdz 23 ks<\/li>\n<\/ul>\n<p>Vodn\u00e9 \u010derpadlo Whirlpool 1,1 kW: 2 ks<br \/>Trysky splachovan\u00e9 akryl\u00e1tom<br \/>Vzduchov\u00e9 trysky: 12 ks<br \/>Vzduchov\u00e9 \u010derpadlo 0,7 kW: 1 ks<br \/>Vodn\u00e9 trysky prevzdu\u0161\u0148ovanie: \u00e1no<br \/>Prevzdu\u0161\u0148ovanie ovl\u00e1da\u010d: \u00e1no<br \/>1,5 KW ohrieva\u010d: 1 ks<br \/>Sn\u00edma\u010d hladiny vody: \u00e1no<br \/>Gener\u00e1tor oz\u00f3nu: 1 ks.<\/p>\n<p>Zv\u00e4zky\u00a0optick\u00fdch\u00a0vl\u00e1kien (vl\u00e1knov\u00e1 terapia): 31 ks (Sedem druhov farieb)\u00a0<br \/>SPA svetlo: 1 ks (Sedem druhov farieb)<br \/>Sprcha: 1\u00a0ks\u00a0\u00a0<br \/>Ovl\u00e1dac\u00ed panel: \u00e1no <br \/>R\u00e1dio: \u00e1no\u00a0\u00a0<br \/>Reproduktor: \u00e1no 1 ks <br \/>Kozmetika polica: \u00e1no <br \/>M\u00f4\u017eete zapn\u00fa\u0165 v\u0161etky 3 ks pumpy a \u010fal\u0161ie funkcie<\/p>\n","protected":false},"excerpt":{"rendered":"<p>Verzia: PRAV\u00c1Povrchov\u00e1 \u00faprava: akryl-USASkrutkovan\u00e9 opierky hlavy: 2 ksKon\u0161trukcia z nehrdzavej\u00facej ocele: \u00e1no Vodn\u00e9 trysky: Celkom 35 ks vr\u00e1tane: &#8211; ve\u013ek\u00fdch vodn\u00fdch d\u00fdz 12 ks &#8211; mal\u00fdch vodn\u00fdch d\u00fdz 23 ks Vodn\u00e9 \u010derpadlo Whirlpool 1,1 kW: 2 ksTrysky splachovan\u00e9 akryl\u00e1tomVzduchov\u00e9 trysky: 12 ksVzduchov\u00e9 \u010derpadlo 0,7 kW: 1 ksVodn\u00e9 trysky prevzdu\u0161\u0148ovanie: \u00e1noPrevzdu\u0161\u0148ovanie ovl\u00e1da\u010d: \u00e1no1,5 KW ohrieva\u010d: 1 [&hellip;]<\/p>\n","protected":false},"featured_media":8046,"comment_status":"closed","ping_status":"open","template":"","meta":[],"product_brand":[2536],"product_cat":[168,65],"product_tag":[],"class_list":{"0":"post-8045","1":"product","2":"type-product","3":"status-publish","4":"has-post-thumbnail","6":"product_brand-m-spa","7":"product_cat-hydromasazne-vane","8":"product_cat-vane","9":"pa_material-akrylat","10":"pa_napajanie-220-240-v-50-hz","11":"pa_pocet-miest-166","12":"pa_pocet-trysiek-167","13":"pa_povrch-akryl","14":"pa_sirka-120-cm","15":"pa_vyrobca-m-spa","16":"pa_vyska-61-cm","17":"pa_zaruka-2-roky","19":"first","20":"instock","21":"sale","22":"taxable","23":"shipping-taxable","24":"purchasable","25":"product-type-simple"},"_links":{"self":[{"href":"https:\/\/diamondspa.sk\/sk\/wp-json\/wp\/v2\/product\/8045","targetHints":{"allow":["GET"]}}],"collection":[{"href":"https:\/\/diamondspa.sk\/sk\/wp-json\/wp\/v2\/product"}],"about":[{"href":"https:\/\/diamondspa.sk\/sk\/wp-json\/wp\/v2\/types\/product"}],"replies":[{"embeddable":true,"href":"https:\/\/diamondspa.sk\/sk\/wp-json\/wp\/v2\/comments?post=8045"}],"wp:featuredmedia":[{"embeddable":true,"href":"https:\/\/diamondspa.sk\/sk\/wp-json\/wp\/v2\/media\/8046"}],"wp:attachment":[{"href":"https:\/\/diamondspa.sk\/sk\/wp-json\/wp\/v2\/media?parent=8045"}],"wp:term":[{"taxonomy":"product_brand","embeddable":true,"href":"https:\/\/diamondspa.sk\/sk\/wp-json\/wp\/v2\/product_brand?post=8045"},{"taxonomy":"product_cat","embeddable":true,"href":"https:\/\/diamondspa.sk\/sk\/wp-json\/wp\/v2\/product_cat?post=8045"},{"taxonomy":"product_tag","embeddable":true,"href":"https:\/\/diamondspa.sk\/sk\/wp-json\/wp\/v2\/product_tag?post=8045"}],"curies":[{"name":"wp","href":"https:\/\/api.w.org\/{rel}","templated":true}]}}