{"id":8392,"date":"2024-03-09T22:04:11","date_gmt":"2024-03-09T21:04:11","guid":{"rendered":"https:\/\/diamondspa.sk\/product\/obdlznikova-akrylatova-vana-talia-140x70-cm\/"},"modified":"2024-03-10T09:16:46","modified_gmt":"2024-03-10T08:16:46","slug":"obdlznikova-akrylatova-vana-talia-140x70-cm","status":"publish","type":"product","link":"https:\/\/diamondspa.sk\/sk\/produkt\/obdlznikova-akrylatova-vana-talia-140x70-cm\/","title":{"rendered":"Obd\u013a\u017enikov\u00e1 akryl\u00e1tov\u00e1 va\u0148a TALIA 140&#215;70 cm"},"content":{"rendered":"<div class=\"spc\">\n<div class=\"box-content\"><img decoding=\"async\" src=\"https:\/\/www.eshop-rychlo.sk\/fotky1950\/talia_140.png\" alt=\" width=\" 690=\"\" height=\"681\"><\/div>\n<\/div>\n","protected":false},"excerpt":{"rendered":"","protected":false},"featured_media":8393,"comment_status":"closed","ping_status":"open","template":"","meta":[],"product_brand":[],"product_cat":[65],"product_tag":[],"class_list":{"0":"post-8392","1":"product","2":"type-product","3":"status-publish","4":"has-post-thumbnail","6":"product_cat-vane","7":"pa_hlbka-42-cm","8":"pa_material-akrylat","9":"pa_sirka-70-cm","10":"pa_zaruka-10-rokov","12":"first","13":"instock","14":"taxable","15":"shipping-taxable","16":"purchasable","17":"product-type-simple"},"_links":{"self":[{"href":"https:\/\/diamondspa.sk\/sk\/wp-json\/wp\/v2\/product\/8392","targetHints":{"allow":["GET"]}}],"collection":[{"href":"https:\/\/diamondspa.sk\/sk\/wp-json\/wp\/v2\/product"}],"about":[{"href":"https:\/\/diamondspa.sk\/sk\/wp-json\/wp\/v2\/types\/product"}],"replies":[{"embeddable":true,"href":"https:\/\/diamondspa.sk\/sk\/wp-json\/wp\/v2\/comments?post=8392"}],"wp:featuredmedia":[{"embeddable":true,"href":"https:\/\/diamondspa.sk\/sk\/wp-json\/wp\/v2\/media\/8393"}],"wp:attachment":[{"href":"https:\/\/diamondspa.sk\/sk\/wp-json\/wp\/v2\/media?parent=8392"}],"wp:term":[{"taxonomy":"product_brand","embeddable":true,"href":"https:\/\/diamondspa.sk\/sk\/wp-json\/wp\/v2\/product_brand?post=8392"},{"taxonomy":"product_cat","embeddable":true,"href":"https:\/\/diamondspa.sk\/sk\/wp-json\/wp\/v2\/product_cat?post=8392"},{"taxonomy":"product_tag","embeddable":true,"href":"https:\/\/diamondspa.sk\/sk\/wp-json\/wp\/v2\/product_tag?post=8392"}],"curies":[{"name":"wp","href":"https:\/\/api.w.org\/{rel}","templated":true}]}}